{"id":4049,"date":"2024-09-23T07:28:13","date_gmt":"2024-09-23T07:28:13","guid":{"rendered":"https:\/\/dentalcentar-motusic.com\/vaucer-za-digitalni-marketing-odm-dinko-motusic\/"},"modified":"2024-09-23T07:28:13","modified_gmt":"2024-09-23T07:28:13","slug":"vaucer-za-digitalni-marketing-odm-dinko-motusic","status":"publish","type":"page","link":"https:\/\/dentalcentar-motusic.com\/en\/vaucer-za-digitalni-marketing-odm-dinko-motusic\/","title":{"rendered":"Vau\u010der za digitalni marketing \u2013 ODM Dinko Motu\u0161i\u0107"},"content":{"rendered":"<p><div class=\"fusion-fullwidth fullwidth-box fusion-builder-row-1 fusion-flex-container has-pattern-background has-mask-background nonhundred-percent-fullwidth non-hundred-percent-height-scrolling\" style=\"--awb-border-radius-top-left:0px;--awb-border-radius-top-right:0px;--awb-border-radius-bottom-right:0px;--awb-border-radius-bottom-left:0px;--awb-padding-top:60px;--awb-padding-bottom:0px;--awb-padding-bottom-small:0px;--awb-background-color:var(--awb-color1);--awb-flex-wrap:wrap;\" ><div class=\"fusion-builder-row fusion-row fusion-flex-align-items-flex-start fusion-flex-content-wrap\" style=\"max-width:calc( 1250px + 140px );margin-left: calc(-140px \/ 2 );margin-right: calc(-140px \/ 2 );\"><div class=\"fusion-layout-column fusion_builder_column fusion-builder-column-0 fusion_builder_column_1_1 1_1 fusion-flex-column\" style=\"--awb-padding-right:0%;--awb-bg-size:cover;--awb-width-large:100%;--awb-margin-top-large:0px;--awb-spacing-right-large:70px;--awb-margin-bottom-large:0px;--awb-spacing-left-large:70px;--awb-width-medium:100%;--awb-order-medium:0;--awb-spacing-right-medium:70px;--awb-spacing-left-medium:70px;--awb-width-small:100%;--awb-order-small:0;--awb-spacing-right-small:70px;--awb-margin-bottom-small:0px;--awb-spacing-left-small:70px;\" data-scroll-devices=\"small-visibility,medium-visibility,large-visibility\"><div class=\"fusion-column-wrapper fusion-column-has-shadow fusion-flex-justify-content-flex-start fusion-content-layout-column\"><div class=\"fusion-title title fusion-title-1 fusion-no-small-visibility fusion-sep-none fusion-title-text fusion-title-size-one\" style=\"--awb-margin-top:30px;--awb-margin-bottom:30px;--awb-margin-top-small:10px;--awb-margin-right-small:0px;--awb-margin-bottom-small:10px;--awb-margin-left-small:0px;--awb-font-size:40px;\"><h1 class=\"fusion-title-heading title-heading-left\" style=\"margin:0;font-size:1em;\">Vau\u010der za digitalni marketing \u2013<\/p>\n<p>Ordinacija dentalne medicine Dinko Motu\u0161i\u0107<\/p><\/h1><\/div><div class=\"fusion-title title fusion-title-2 fusion-no-medium-visibility fusion-no-large-visibility fusion-sep-none fusion-title-text fusion-title-size-one\" style=\"--awb-margin-top:30px;--awb-margin-bottom:30px;--awb-margin-top-small:10px;--awb-margin-right-small:0px;--awb-margin-bottom-small:10px;--awb-margin-left-small:0px;--awb-font-size:32px;\"><h1 class=\"fusion-title-heading title-heading-left\" style=\"margin:0;font-size:1em;\">Vau\u010der za digitalni marketing \u2013 Ordinacija dentalne medicine Dinko Motu\u0161i\u0107<\/h1><\/div><\/div><\/div><\/div><\/div><div class=\"fusion-fullwidth fullwidth-box fusion-builder-row-2 fusion-flex-container has-pattern-background has-mask-background nonhundred-percent-fullwidth non-hundred-percent-height-scrolling\" style=\"--link_hover_color: var(--awb-color3);--link_color: var(--awb-color6);--awb-border-radius-top-left:0px;--awb-border-radius-top-right:0px;--awb-border-radius-bottom-right:0px;--awb-border-radius-bottom-left:0px;--awb-padding-top:20px;--awb-padding-bottom:30px;--awb-margin-top-small:0px;--awb-margin-bottom-small:0px;--awb-background-color:var(--awb-color1);--awb-flex-wrap:wrap;\" ><div class=\"fusion-builder-row fusion-row fusion-flex-align-items-flex-start fusion-flex-content-wrap\" style=\"max-width:1300px;margin-left: calc(-4% \/ 2 );margin-right: calc(-4% \/ 2 );\"><div class=\"fusion-layout-column fusion_builder_column fusion-builder-column-1 fusion_builder_column_1_1 1_1 fusion-flex-column fusion-no-small-visibility\" style=\"--awb-bg-size:cover;--awb-width-large:100%;--awb-margin-top-large:0px;--awb-spacing-right-large:1.92%;--awb-margin-bottom-large:20px;--awb-spacing-left-large:1.92%;--awb-width-medium:100%;--awb-order-medium:0;--awb-spacing-right-medium:1.92%;--awb-spacing-left-medium:1.92%;--awb-width-small:100%;--awb-order-small:0;--awb-spacing-right-small:1.92%;--awb-spacing-left-small:1.92%;\" data-scroll-devices=\"small-visibility,medium-visibility,large-visibility\"><div class=\"fusion-column-wrapper fusion-column-has-shadow fusion-flex-justify-content-flex-start fusion-content-layout-column\">\n<div class=\"table-1 fusion-no-small-visibility\">\n<table width=\"100%\">\n<tbody>\n<tr>\n<td align=\"left\"><b>Naziv projekta<\/b><\/td>\n<td align=\"left\"><b>Vau\u010der za digitalni marketing \u2013 Ordinacija dentalne medicine Dinko Motu\u0161i\u0107 \u2013<br \/>\n<\/b>NPOO.C1.1.2.R3-I2.01-V2.1415<\/td>\n<\/tr>\n<tr>\n<td align=\"left\"><\/td>\n<td align=\"left\">Prijavitelj aplicira za vau\u010der za digitalni marketing koji bi iskoristio za izradu internetske stranice s novim funkcionalnostima \u00a0te aktivnost upravljanja dru\u0161tvenim mre\u017eama. Navedene aktivnosti su potrebne za unaprje\u0111enje prodajnih i marketin\u0161kih procesa Ordinacije te pove\u0107anje vidljivosti Prijavitelja na tr\u017ei\u0161tu. Implementacijom navedenih mjera, zajedno s provedbom edukacija djelatnika za kori\u0161tenje novih digitalnih alata, Prijavitelj \u017eeli provesti proces digitalizacije i digitalne transformacije poslovanja s ciljem pove\u0107anja konkurentnosti i sna\u017enijeg pozicioniranja na tr\u017ei\u0161tu te ja\u010danja otpornosti kori\u0161tenjem digitalnih alata. Time Prijavitelj ispunjava svrhu (cilj) Poziva<\/td>\n<\/tr>\n<tr>\n<td align=\"left\"><b>Naziv korisnika<\/b><\/td>\n<td align=\"left\"><b>Ordinacija dentalne medicine Dr. Dinko Motu\u0161i\u0107<\/b><\/td>\n<\/tr>\n<tr>\n<td align=\"left\"><b>Ukupna vrijednost projekta<\/b><\/td>\n<td align=\"left\">4.000,00 \u20ac<\/td>\n<\/tr>\n<tr>\n<td align=\"left\"><b>EU sufinanciranje projekta<\/b><\/td>\n<td align=\"left\">2.400,00 \u20ac<\/td>\n<\/tr>\n<tr>\n<td align=\"left\"><b>Kontakt osoba<\/b><\/td>\n<td align=\"left\">Dr. Dinko Motu\u0161i\u0107 \u00a0 <a href=\"mailto:dinko.motusic@gmail.com\">dinko.motusic@gmail.com<\/a><\/td>\n<\/tr>\n<tr>\n<td align=\"left\"><\/td>\n<td align=\"left\"><i>\u201eFinancira Europska unija \u2013 NextGenerationEU.<\/i><\/p>\n<p><i>Izneseni stavovi i mi\u0161ljenja samo su autorova i ne odra\u017eavaju nu\u017eno slu\u017ebena stajali\u0161ta Europske unije ili Europske komisije. Ni Europska unija ni Europska komisija ne mogu se smatrati odgovornima za njih.\u201d<\/i><\/p>\n<p><img decoding=\"async\" class=\"lazyload alignnone wp-image-2917\" src=\"https:\/\/dentalcentar-motusic.com\/wp-content\/uploads\/2024\/09\/financira_eu_logo.png\" data-orig-src=\"https:\/\/dentalcentar-motusic.com\/wp-content\/uploads\/2024\/09\/financira_eu_logo.png\" alt=\"\" width=\"211\" height=\"59\" srcset=\"data:image\/svg+xml,%3Csvg%20xmlns%3D%27http%3A%2F%2Fwww.w3.org%2F2000%2Fsvg%27%20width%3D%27211%27%20height%3D%2759%27%20viewBox%3D%270%200%20211%2059%27%3E%3Crect%20width%3D%27211%27%20height%3D%2759%27%20fill-opacity%3D%220%22%2F%3E%3C%2Fsvg%3E\" data-srcset=\"https:\/\/dentalcentar-motusic.com\/wp-content\/uploads\/2024\/09\/financira_eu_logo-200x56.png 200w, https:\/\/dentalcentar-motusic.com\/wp-content\/uploads\/2024\/09\/financira_eu_logo-300x84.png 300w, https:\/\/dentalcentar-motusic.com\/wp-content\/uploads\/2024\/09\/financira_eu_logo-400x112.png 400w, https:\/\/dentalcentar-motusic.com\/wp-content\/uploads\/2024\/09\/financira_eu_logo-500x140.png 500w, https:\/\/dentalcentar-motusic.com\/wp-content\/uploads\/2024\/09\/financira_eu_logo-600x168.png 600w, https:\/\/dentalcentar-motusic.com\/wp-content\/uploads\/2024\/09\/financira_eu_logo-700x196.png 700w, https:\/\/dentalcentar-motusic.com\/wp-content\/uploads\/2024\/09\/financira_eu_logo-768x215.png 768w, https:\/\/dentalcentar-motusic.com\/wp-content\/uploads\/2024\/09\/financira_eu_logo-800x224.png 800w, https:\/\/dentalcentar-motusic.com\/wp-content\/uploads\/2024\/09\/financira_eu_logo-940x264.png 940w, https:\/\/dentalcentar-motusic.com\/wp-content\/uploads\/2024\/09\/financira_eu_logo.png 944w\" data-sizes=\"auto\" data-orig-sizes=\"(max-width: 211px) 100vw, 211px\" \/><\/td>\n<\/tr>\n<\/tbody>\n<\/table>\n<\/div>\n<\/div><\/div><div class=\"fusion-layout-column fusion_builder_column fusion-builder-column-2 fusion_builder_column_1_1 1_1 fusion-flex-column fusion-no-medium-visibility fusion-no-large-visibility\" style=\"--awb-padding-top:0px;--awb-padding-top-small:0px;--awb-bg-size:cover;--awb-width-large:100%;--awb-margin-top-large:0px;--awb-spacing-right-large:1.92%;--awb-margin-bottom-large:20px;--awb-spacing-left-large:1.92%;--awb-width-medium:100%;--awb-order-medium:0;--awb-spacing-right-medium:1.92%;--awb-spacing-left-medium:1.92%;--awb-width-small:100%;--awb-order-small:0;--awb-spacing-right-small:1.92%;--awb-spacing-left-small:1.92%;\" data-scroll-devices=\"small-visibility,medium-visibility,large-visibility\"><div class=\"fusion-column-wrapper fusion-column-has-shadow fusion-flex-justify-content-flex-start fusion-content-layout-column\"><div class=\"fusion-title title fusion-title-3 fusion-sep-none fusion-title-text fusion-title-size-four\" style=\"--awb-margin-bottom:20px;--awb-margin-top-small:10px;--awb-margin-right-small:0px;--awb-margin-bottom-small:10px;--awb-margin-left-small:0px;\"><h4 class=\"fusion-title-heading title-heading-left\" style=\"margin:0;\">Naziv projekta<\/h4><\/div><div class=\"fusion-text fusion-text-1 sm-text-align-justify\"><p><b>Vau\u010der za digitalni marketing \u2013 Ordinacija dentalne medicine Dinko Motu\u0161i\u0107 \u2013<br \/>\n<\/b>NPOO.C1.1.2.R3-I2.01-V2.1415<\/p>\n<p>Prijavitelj aplicira za vau\u010der za digitalni marketing koji bi iskoristio za izradu internetske stranice s novim funkcionalnostima \u00a0te aktivnost upravljanja dru\u0161tvenim mre\u017eama. Navedene aktivnosti su potrebne za unaprje\u0111enje prodajnih i marketin\u0161kih procesa Ordinacije te pove\u0107anje vidljivosti Prijavitelja na tr\u017ei\u0161tu. Implementacijom navedenih mjera, zajedno s provedbom edukacija djelatnika za kori\u0161tenje novih digitalnih alata, Prijavitelj \u017eeli provesti proces digitalizacije i digitalne transformacije poslovanja s ciljem pove\u0107anja konkurentnosti i sna\u017enijeg pozicioniranja na tr\u017ei\u0161tu te ja\u010danja otpornosti kori\u0161tenjem digitalnih alata. Time Prijavitelj ispunjava svrhu (cilj) Poziva<\/p>\n<\/div><div class=\"fusion-title title fusion-title-4 fusion-sep-none fusion-title-text fusion-title-size-four\" style=\"--awb-margin-top-small:10px;--awb-margin-right-small:0px;--awb-margin-bottom-small:10px;--awb-margin-left-small:0px;\"><h4 class=\"fusion-title-heading title-heading-left\" style=\"margin:0;\">Naziv korisnika<\/h4><\/div><div class=\"fusion-text fusion-text-2\"><p><b>Ordinacija dentalne medicine Dr. Dinko Motu\u0161i\u0107<\/b><\/p>\n<\/div><div class=\"fusion-title title fusion-title-5 fusion-sep-none fusion-title-text fusion-title-size-four\" style=\"--awb-margin-top-small:10px;--awb-margin-right-small:0px;--awb-margin-bottom-small:10px;--awb-margin-left-small:0px;\"><h4 class=\"fusion-title-heading title-heading-left\" style=\"margin:0;\">Ukupna vrijednost projekta<\/h4><\/div><div class=\"fusion-text fusion-text-3\"><p>4.000,00 \u20ac<\/p>\n<\/div><div class=\"fusion-title title fusion-title-6 fusion-sep-none fusion-title-text fusion-title-size-four\" style=\"--awb-margin-top-small:10px;--awb-margin-right-small:0px;--awb-margin-bottom-small:10px;--awb-margin-left-small:0px;\"><h4 class=\"fusion-title-heading title-heading-left\" style=\"margin:0;\">EU sufinanciranje projekta<\/h4><\/div><div class=\"fusion-text fusion-text-4\"><p>2.400,00 \u20ac<\/p>\n<\/div><div class=\"fusion-title title fusion-title-7 fusion-sep-none fusion-title-text fusion-title-size-four\" style=\"--awb-margin-top-small:10px;--awb-margin-right-small:0px;--awb-margin-bottom-small:10px;--awb-margin-left-small:0px;\"><h4 class=\"fusion-title-heading title-heading-left\" style=\"margin:0;\">Kontakt osoba<\/h4><\/div><div class=\"fusion-text fusion-text-5\"><p>Dr. Dinko Motu\u0161i\u0107 \u00a0 <a href=\"mailto:dinko.motusic@gmail.com\">dinko.motusic@gmail.com<\/a><\/p>\n<\/div><div class=\"fusion-separator fusion-full-width-sep\" style=\"align-self: center;margin-left: auto;margin-right: auto;margin-top:10px;margin-bottom:30px;width:100%;\"><div class=\"fusion-separator-border sep-single sep-solid\" style=\"--awb-height:20px;--awb-amount:20px;border-color:var(--awb-color3);border-top-width:1px;\"><\/div><\/div><div class=\"fusion-text fusion-text-6 sm-text-align-justify\"><p><i>\u201eFinancira Europska unija \u2013 NextGenerationEU.<\/i><\/p>\n<p><i>Izneseni stavovi i mi\u0161ljenja samo su autorova i ne odra\u017eavaju nu\u017eno slu\u017ebena stajali\u0161ta Europske unije ili Europske komisije. Ni Europska unija ni Europska komisija ne mogu se smatrati odgovornima za njih.\u201d<\/i><\/p>\n<p><img decoding=\"async\" class=\"wp-image-4842 lazyautosizes ls-is-cached lazyloaded\" src=\"https:\/\/proconventa.eu\/wp-content\/uploads\/2024\/09\/financira_eu_logo.png\" sizes=\"161px\" srcset=\"https:\/\/proconventa.eu\/wp-content\/uploads\/2024\/09\/financira_eu_logo-200x56.png 200w, https:\/\/proconventa.eu\/wp-content\/uploads\/2024\/09\/financira_eu_logo-300x84.png 300w, https:\/\/proconventa.eu\/wp-content\/uploads\/2024\/09\/financira_eu_logo-400x112.png 400w, https:\/\/proconventa.eu\/wp-content\/uploads\/2024\/09\/financira_eu_logo-500x140.png 500w, https:\/\/proconventa.eu\/wp-content\/uploads\/2024\/09\/financira_eu_logo-600x168.png 600w, https:\/\/proconventa.eu\/wp-content\/uploads\/2024\/09\/financira_eu_logo-700x196.png 700w, https:\/\/proconventa.eu\/wp-content\/uploads\/2024\/09\/financira_eu_logo-768x215.png 768w, https:\/\/proconventa.eu\/wp-content\/uploads\/2024\/09\/financira_eu_logo-800x224.png 800w, https:\/\/proconventa.eu\/wp-content\/uploads\/2024\/09\/financira_eu_logo-940x264.png 940w, https:\/\/proconventa.eu\/wp-content\/uploads\/2024\/09\/financira_eu_logo.png 944w\" alt=\"Financira Europska Unija - NextGenerationEU\" width=\"161\" height=\"45\" data-orig-src=\"https:\/\/proconventa.eu\/wp-content\/uploads\/2024\/09\/financira_eu_logo.png\" data-srcset=\"https:\/\/proconventa.eu\/wp-content\/uploads\/2024\/09\/financira_eu_logo-200x56.png 200w, https:\/\/proconventa.eu\/wp-content\/uploads\/2024\/09\/financira_eu_logo-300x84.png 300w, https:\/\/proconventa.eu\/wp-content\/uploads\/2024\/09\/financira_eu_logo-400x112.png 400w, https:\/\/proconventa.eu\/wp-content\/uploads\/2024\/09\/financira_eu_logo-500x140.png 500w, https:\/\/proconventa.eu\/wp-content\/uploads\/2024\/09\/financira_eu_logo-600x168.png 600w, https:\/\/proconventa.eu\/wp-content\/uploads\/2024\/09\/financira_eu_logo-700x196.png 700w, https:\/\/proconventa.eu\/wp-content\/uploads\/2024\/09\/financira_eu_logo-768x215.png 768w, https:\/\/proconventa.eu\/wp-content\/uploads\/2024\/09\/financira_eu_logo-800x224.png 800w, https:\/\/proconventa.eu\/wp-content\/uploads\/2024\/09\/financira_eu_logo-940x264.png 940w, https:\/\/proconventa.eu\/wp-content\/uploads\/2024\/09\/financira_eu_logo.png 944w\" data-sizes=\"auto\" data-orig-sizes=\"(max-width: 161px) 100vw, 161px\" \/><\/p>\n<\/div><\/div><\/div><\/div><\/div><\/p>\n","protected":false},"excerpt":{"rendered":"","protected":false},"author":1,"featured_media":0,"parent":0,"menu_order":0,"comment_status":"closed","ping_status":"closed","template":"100-width.php","meta":{"_acf_changed":false,"footnotes":""},"class_list":["post-4049","page","type-page","status-publish","hentry"],"acf":[],"yoast_head":"<!-- This site is optimized with the Yoast SEO plugin v27.3 - https:\/\/yoast.com\/product\/yoast-seo-wordpress\/ -->\n<title>Vau\u010der za digitalni marketing \u2013 ODM Dinko Motu\u0161i\u0107 - Motu\u0161i\u0107<\/title>\n<meta name=\"robots\" content=\"index, follow, max-snippet:-1, max-image-preview:large, max-video-preview:-1\" \/>\n<link rel=\"canonical\" href=\"https:\/\/dentalcentar-motusic.com\/en\/vaucer-za-digitalni-marketing-odm-dinko-motusic\/\" \/>\n<meta property=\"og:locale\" content=\"en_US\" \/>\n<meta property=\"og:type\" content=\"article\" \/>\n<meta property=\"og:title\" content=\"Vau\u010der za digitalni marketing \u2013 ODM Dinko Motu\u0161i\u0107 - Motu\u0161i\u0107\" \/>\n<meta property=\"og:url\" content=\"https:\/\/dentalcentar-motusic.com\/en\/vaucer-za-digitalni-marketing-odm-dinko-motusic\/\" \/>\n<meta property=\"og:site_name\" content=\"Motu\u0161i\u0107\" \/>\n<meta property=\"og:image\" content=\"https:\/\/dentalcentar-motusic.com\/wp-content\/uploads\/2024\/09\/financira_eu_logo.png\" \/>\n\t<meta property=\"og:image:width\" content=\"944\" \/>\n\t<meta property=\"og:image:height\" content=\"264\" \/>\n\t<meta property=\"og:image:type\" content=\"image\/png\" \/>\n<meta name=\"twitter:card\" content=\"summary_large_image\" \/>\n<meta name=\"twitter:label1\" content=\"Est. reading time\" \/>\n\t<meta name=\"twitter:data1\" content=\"13 minutes\" \/>\n<script type=\"application\/ld+json\" class=\"yoast-schema-graph\">{\"@context\":\"https:\\\/\\\/schema.org\",\"@graph\":[{\"@type\":\"WebPage\",\"@id\":\"https:\\\/\\\/dentalcentar-motusic.com\\\/en\\\/vaucer-za-digitalni-marketing-odm-dinko-motusic\\\/\",\"url\":\"https:\\\/\\\/dentalcentar-motusic.com\\\/en\\\/vaucer-za-digitalni-marketing-odm-dinko-motusic\\\/\",\"name\":\"Vau\u010der za digitalni marketing \u2013 ODM Dinko Motu\u0161i\u0107 - Motu\u0161i\u0107\",\"isPartOf\":{\"@id\":\"https:\\\/\\\/dentalcentar-motusic.com\\\/#website\"},\"primaryImageOfPage\":{\"@id\":\"https:\\\/\\\/dentalcentar-motusic.com\\\/en\\\/vaucer-za-digitalni-marketing-odm-dinko-motusic\\\/#primaryimage\"},\"image\":{\"@id\":\"https:\\\/\\\/dentalcentar-motusic.com\\\/en\\\/vaucer-za-digitalni-marketing-odm-dinko-motusic\\\/#primaryimage\"},\"thumbnailUrl\":\"https:\\\/\\\/dentalcentar-motusic.com\\\/wp-content\\\/uploads\\\/2024\\\/09\\\/financira_eu_logo.png\",\"datePublished\":\"2024-09-23T07:28:13+00:00\",\"breadcrumb\":{\"@id\":\"https:\\\/\\\/dentalcentar-motusic.com\\\/en\\\/vaucer-za-digitalni-marketing-odm-dinko-motusic\\\/#breadcrumb\"},\"inLanguage\":\"en-US\",\"potentialAction\":[{\"@type\":\"ReadAction\",\"target\":[\"https:\\\/\\\/dentalcentar-motusic.com\\\/en\\\/vaucer-za-digitalni-marketing-odm-dinko-motusic\\\/\"]}]},{\"@type\":\"ImageObject\",\"inLanguage\":\"en-US\",\"@id\":\"https:\\\/\\\/dentalcentar-motusic.com\\\/en\\\/vaucer-za-digitalni-marketing-odm-dinko-motusic\\\/#primaryimage\",\"url\":\"https:\\\/\\\/dentalcentar-motusic.com\\\/wp-content\\\/uploads\\\/2024\\\/09\\\/financira_eu_logo.png\",\"contentUrl\":\"https:\\\/\\\/dentalcentar-motusic.com\\\/wp-content\\\/uploads\\\/2024\\\/09\\\/financira_eu_logo.png\"},{\"@type\":\"BreadcrumbList\",\"@id\":\"https:\\\/\\\/dentalcentar-motusic.com\\\/en\\\/vaucer-za-digitalni-marketing-odm-dinko-motusic\\\/#breadcrumb\",\"itemListElement\":[{\"@type\":\"ListItem\",\"position\":1,\"name\":\"Po\u010detna stranica\",\"item\":\"https:\\\/\\\/dentalcentar-motusic.com\\\/en\\\/homepage\\\/\"},{\"@type\":\"ListItem\",\"position\":2,\"name\":\"Vau\u010der za digitalni marketing \u2013 ODM Dinko Motu\u0161i\u0107\"}]},{\"@type\":\"WebSite\",\"@id\":\"https:\\\/\\\/dentalcentar-motusic.com\\\/#website\",\"url\":\"https:\\\/\\\/dentalcentar-motusic.com\\\/\",\"name\":\"Motu\u0161i\u0107\",\"description\":\"Dental centar\",\"publisher\":{\"@id\":\"https:\\\/\\\/dentalcentar-motusic.com\\\/#organization\"},\"potentialAction\":[{\"@type\":\"SearchAction\",\"target\":{\"@type\":\"EntryPoint\",\"urlTemplate\":\"https:\\\/\\\/dentalcentar-motusic.com\\\/?s={search_term_string}\"},\"query-input\":{\"@type\":\"PropertyValueSpecification\",\"valueRequired\":true,\"valueName\":\"search_term_string\"}}],\"inLanguage\":\"en-US\"},{\"@type\":\"Organization\",\"@id\":\"https:\\\/\\\/dentalcentar-motusic.com\\\/#organization\",\"name\":\"Motu\u0161i\u0107\",\"url\":\"https:\\\/\\\/dentalcentar-motusic.com\\\/\",\"logo\":{\"@type\":\"ImageObject\",\"inLanguage\":\"en-US\",\"@id\":\"https:\\\/\\\/dentalcentar-motusic.com\\\/#\\\/schema\\\/logo\\\/image\\\/\",\"url\":\"https:\\\/\\\/dentalcentar-motusic.com\\\/wp-content\\\/uploads\\\/2024\\\/09\\\/Motusic-Logo-Plavi.png\",\"contentUrl\":\"https:\\\/\\\/dentalcentar-motusic.com\\\/wp-content\\\/uploads\\\/2024\\\/09\\\/Motusic-Logo-Plavi.png\",\"width\":800,\"height\":571,\"caption\":\"Motu\u0161i\u0107\"},\"image\":{\"@id\":\"https:\\\/\\\/dentalcentar-motusic.com\\\/#\\\/schema\\\/logo\\\/image\\\/\"}}]}<\/script>\n<!-- \/ Yoast SEO plugin. -->","yoast_head_json":{"title":"Vau\u010der za digitalni marketing \u2013 ODM Dinko Motu\u0161i\u0107 - Motu\u0161i\u0107","robots":{"index":"index","follow":"follow","max-snippet":"max-snippet:-1","max-image-preview":"max-image-preview:large","max-video-preview":"max-video-preview:-1"},"canonical":"https:\/\/dentalcentar-motusic.com\/en\/vaucer-za-digitalni-marketing-odm-dinko-motusic\/","og_locale":"en_US","og_type":"article","og_title":"Vau\u010der za digitalni marketing \u2013 ODM Dinko Motu\u0161i\u0107 - Motu\u0161i\u0107","og_url":"https:\/\/dentalcentar-motusic.com\/en\/vaucer-za-digitalni-marketing-odm-dinko-motusic\/","og_site_name":"Motu\u0161i\u0107","og_image":[{"width":944,"height":264,"url":"https:\/\/dentalcentar-motusic.com\/wp-content\/uploads\/2024\/09\/financira_eu_logo.png","type":"image\/png"}],"twitter_card":"summary_large_image","twitter_misc":{"Est. reading time":"13 minutes"},"schema":{"@context":"https:\/\/schema.org","@graph":[{"@type":"WebPage","@id":"https:\/\/dentalcentar-motusic.com\/en\/vaucer-za-digitalni-marketing-odm-dinko-motusic\/","url":"https:\/\/dentalcentar-motusic.com\/en\/vaucer-za-digitalni-marketing-odm-dinko-motusic\/","name":"Vau\u010der za digitalni marketing \u2013 ODM Dinko Motu\u0161i\u0107 - Motu\u0161i\u0107","isPartOf":{"@id":"https:\/\/dentalcentar-motusic.com\/#website"},"primaryImageOfPage":{"@id":"https:\/\/dentalcentar-motusic.com\/en\/vaucer-za-digitalni-marketing-odm-dinko-motusic\/#primaryimage"},"image":{"@id":"https:\/\/dentalcentar-motusic.com\/en\/vaucer-za-digitalni-marketing-odm-dinko-motusic\/#primaryimage"},"thumbnailUrl":"https:\/\/dentalcentar-motusic.com\/wp-content\/uploads\/2024\/09\/financira_eu_logo.png","datePublished":"2024-09-23T07:28:13+00:00","breadcrumb":{"@id":"https:\/\/dentalcentar-motusic.com\/en\/vaucer-za-digitalni-marketing-odm-dinko-motusic\/#breadcrumb"},"inLanguage":"en-US","potentialAction":[{"@type":"ReadAction","target":["https:\/\/dentalcentar-motusic.com\/en\/vaucer-za-digitalni-marketing-odm-dinko-motusic\/"]}]},{"@type":"ImageObject","inLanguage":"en-US","@id":"https:\/\/dentalcentar-motusic.com\/en\/vaucer-za-digitalni-marketing-odm-dinko-motusic\/#primaryimage","url":"https:\/\/dentalcentar-motusic.com\/wp-content\/uploads\/2024\/09\/financira_eu_logo.png","contentUrl":"https:\/\/dentalcentar-motusic.com\/wp-content\/uploads\/2024\/09\/financira_eu_logo.png"},{"@type":"BreadcrumbList","@id":"https:\/\/dentalcentar-motusic.com\/en\/vaucer-za-digitalni-marketing-odm-dinko-motusic\/#breadcrumb","itemListElement":[{"@type":"ListItem","position":1,"name":"Po\u010detna stranica","item":"https:\/\/dentalcentar-motusic.com\/en\/homepage\/"},{"@type":"ListItem","position":2,"name":"Vau\u010der za digitalni marketing \u2013 ODM Dinko Motu\u0161i\u0107"}]},{"@type":"WebSite","@id":"https:\/\/dentalcentar-motusic.com\/#website","url":"https:\/\/dentalcentar-motusic.com\/","name":"Motu\u0161i\u0107","description":"Dental centar","publisher":{"@id":"https:\/\/dentalcentar-motusic.com\/#organization"},"potentialAction":[{"@type":"SearchAction","target":{"@type":"EntryPoint","urlTemplate":"https:\/\/dentalcentar-motusic.com\/?s={search_term_string}"},"query-input":{"@type":"PropertyValueSpecification","valueRequired":true,"valueName":"search_term_string"}}],"inLanguage":"en-US"},{"@type":"Organization","@id":"https:\/\/dentalcentar-motusic.com\/#organization","name":"Motu\u0161i\u0107","url":"https:\/\/dentalcentar-motusic.com\/","logo":{"@type":"ImageObject","inLanguage":"en-US","@id":"https:\/\/dentalcentar-motusic.com\/#\/schema\/logo\/image\/","url":"https:\/\/dentalcentar-motusic.com\/wp-content\/uploads\/2024\/09\/Motusic-Logo-Plavi.png","contentUrl":"https:\/\/dentalcentar-motusic.com\/wp-content\/uploads\/2024\/09\/Motusic-Logo-Plavi.png","width":800,"height":571,"caption":"Motu\u0161i\u0107"},"image":{"@id":"https:\/\/dentalcentar-motusic.com\/#\/schema\/logo\/image\/"}}]}},"_links":{"self":[{"href":"https:\/\/dentalcentar-motusic.com\/en\/wp-json\/wp\/v2\/pages\/4049","targetHints":{"allow":["GET"]}}],"collection":[{"href":"https:\/\/dentalcentar-motusic.com\/en\/wp-json\/wp\/v2\/pages"}],"about":[{"href":"https:\/\/dentalcentar-motusic.com\/en\/wp-json\/wp\/v2\/types\/page"}],"author":[{"embeddable":true,"href":"https:\/\/dentalcentar-motusic.com\/en\/wp-json\/wp\/v2\/users\/1"}],"replies":[{"embeddable":true,"href":"https:\/\/dentalcentar-motusic.com\/en\/wp-json\/wp\/v2\/comments?post=4049"}],"version-history":[{"count":0,"href":"https:\/\/dentalcentar-motusic.com\/en\/wp-json\/wp\/v2\/pages\/4049\/revisions"}],"wp:attachment":[{"href":"https:\/\/dentalcentar-motusic.com\/en\/wp-json\/wp\/v2\/media?parent=4049"}],"curies":[{"name":"wp","href":"https:\/\/api.w.org\/{rel}","templated":true}]}}