{"id":4726,"date":"2021-03-13T06:53:05","date_gmt":"2021-03-13T06:53:05","guid":{"rendered":"https:\/\/dentalcentar-motusic.com\/zastita-osobnih-podataka\/"},"modified":"2025-03-14T14:03:51","modified_gmt":"2025-03-14T14:03:51","slug":"zastita-osobnih-podataka","status":"publish","type":"page","link":"https:\/\/dentalcentar-motusic.com\/sl\/zastita-osobnih-podataka\/","title":{"rendered":"Za\u0161\u010dita osebnih podatkov"},"content":{"rendered":"<div class=\"fusion-fullwidth fullwidth-box fusion-builder-row-1 fusion-flex-container nonhundred-percent-fullwidth non-hundred-percent-height-scrolling\" style=\"--link_hover_color: var(--awb-color8);--link_color: var(--awb-color3);--awb-border-radius-top-left:0px;--awb-border-radius-top-right:0px;--awb-border-radius-bottom-right:0px;--awb-border-radius-bottom-left:0px;--awb-flex-wrap:wrap;\" ><div class=\"fusion-builder-row fusion-row fusion-flex-align-items-flex-start fusion-flex-content-wrap\" style=\"max-width:1300px;margin-left: calc(-4% \/ 2 );margin-right: calc(-4% \/ 2 );\"><div class=\"fusion-layout-column fusion_builder_column fusion-builder-column-0 fusion_builder_column_1_6 1_6 fusion-flex-column\" style=\"--awb-bg-blend:overlay;--awb-bg-size:cover;--awb-width-large:16.666666666667%;--awb-margin-top-large:0px;--awb-spacing-right-large:11.52%;--awb-margin-bottom-large:20px;--awb-spacing-left-large:11.52%;--awb-width-medium:16.666666666667%;--awb-spacing-right-medium:11.52%;--awb-spacing-left-medium:11.52%;--awb-width-small:100%;--awb-spacing-right-small:1.92%;--awb-spacing-left-small:1.92%;\"><div class=\"fusion-column-wrapper fusion-flex-justify-content-flex-start fusion-content-layout-column\"><\/div><\/div><div class=\"fusion-layout-column fusion_builder_column fusion-builder-column-1 fusion_builder_column_2_3 2_3 fusion-flex-column\" style=\"--awb-bg-blend:overlay;--awb-bg-size:cover;--awb-width-large:66.666666666667%;--awb-margin-top-large:0px;--awb-spacing-right-large:2.88%;--awb-margin-bottom-large:20px;--awb-spacing-left-large:2.88%;--awb-width-medium:66.666666666667%;--awb-spacing-right-medium:2.88%;--awb-spacing-left-medium:2.88%;--awb-width-small:100%;--awb-spacing-right-small:1.92%;--awb-spacing-left-small:1.92%;\"><div class=\"fusion-column-wrapper fusion-flex-justify-content-flex-start fusion-content-layout-column\"><div class=\"fusion-title title fusion-title-1 fusion-sep-none fusion-title-text fusion-title-size-one\" style=\"--awb-margin-bottom:25px;--awb-margin-top-small:10px;--awb-margin-right-small:0px;--awb-margin-bottom-small:10px;--awb-margin-left-small:0px;--awb-font-size:26px;\"><h1 class=\"fusion-title-heading title-heading-left\" style=\"margin:0;font-size:1em;\">Za\u0161\u010dita osebnih podatkov<\/h1><\/div><div class=\"fusion-text fusion-text-1\" style=\"--awb-content-alignment:justify;--awb-text-transform:none;\"><p><strong>PODATKI, KI JIH ZBIRAMO <\/strong><\/p>\n<p>Dostop do spletne strani www.dentalcentar-motusic.com je brezpla\u010den in ni potrebna registracija. S kontaktiranjem preko kontaktnih obrazcev ali elektronske po\u0161te izpolnite svoje podatke (kontakt, ime in priimek ter v besedilu sporo\u010dila navedete nekaj podatkov o sebi). Ti podatki so na voljo izklju\u010dno podjetju Dentalni centar Motu\u0161i\u0107 na katerega so usmerjeni z namenom re\u0161evanja va\u0161e poizvedbe. Posredovanje va\u0161ih osebnih podatkov je prostovoljno. Ne obdelujemo ve\u010d osebnih podatkov, kot je resni\u010dno potrebnih za odgovor na va\u0161e povpra\u0161evanje.<\/p>\n<p><strong>ZA\u0160\u010cITA VA\u0160IH OSEBNIH PODATKOV <\/strong><\/p>\n<p>Dentalni centar Motu\u0161i\u0107 spo\u0161tuje va\u0161o zasebnost ter va\u0161e osebne podatke obdeluje po\u0161teno in zakonito.<br \/>\nVa\u0161e osebne podatke hranimo v elektronski obliki. Z namenom varovanja uporabljamo ustrezne tehni\u010dne, organizacijske in kadrovske za\u0161\u010ditne ukrepe in postopke za prepre\u010devanje nepoobla\u0161\u010denega dostopa do osebnih podatkov.<\/p>\n<p><strong>SPORO\u010cILA V ELEKTRONSKI OBLIKI<\/strong><\/p>\n<p>Ko nam po\u0161ljete elektronsko sporo\u010dilo z va\u0161imi osebnimi podatki, po katerih vas je mogo\u010de identificirati, ne glede na to, ali gre za elektronsko sporo\u010dilo z vpra\u0161anjem ali pa to storite preko kontaktnih obrazcev, ki jih najdete na spletni strani www.dentalcentar-motusic.com. Te podatke uporabljamo izklju\u010dno za namene izpolnjevanja va\u0161ih povpra\u0161evanj. Osebnih podatkov ne obdelujemo v tr\u017ene namene in jih ob koncu koledarskega leta izbri\u0161emo iz na\u0161ega programa, razen \u010de ste postali na\u0161a stranka, nato pa jih vnesemo v bazo strank za izstavitev ra\u010duna za dogovorjeni izdelek ali storitev.<\/p>\n<p><strong>IZBRIS IN VA\u0160 DOSTOP DO OSEBNIH PODATKOV<\/strong><\/p>\n<p>Va\u0161e osebne podatke, ki ste nam jih dali na voljo, bomo hranili samo toliko \u010dasa, da zadostuje za izpolnitev prvotnega namena njihovega zbiranja. Kadar koli lahko zahtevate informacijo o tem, katere va\u0161e osebne podatke imamo v na\u0161i e-po\u0161tni bazi, kakor tudi zahtevate spremembo vseh ali nekaterih osebnih podatkov (Pravica do popravka) ali izbris (Pravica do pozabe). To storite tako, da pi\u0161ete na <a href=\"mailto:info@dentalcentar-motusic.com\">info@dentalcentar-motusic.com<\/a>\u00a0in po\u0161ljete obvestilo s svojo zahtevo.<\/p>\n<p><strong>POSREDOVANJE OSEBNIH PODATKOV DRUGIM PREJEMNIKOM<\/strong><\/p>\n<p>Va\u0161ih osebnih podatkov ne posredujemo drugim prejemnikom. Na spletni strani www.dentalcentar-motusic.com boste na\u0161li povezave do drugih spletnih strani. Politika zasebnosti na teh portalih se lahko razlikuje od politike zasebnosti na www.dentalcentar-motusic.com. Na na\u0161i spletni strani vam lahko ponudimo tudi uporabo dru\u017ebenih omre\u017eij Dentalni centar Motu\u0161i\u0107 (Facebook, Instagram, Linkedin, Google) in druge storitve Google Maps, Youtube, ki omogo\u010dajo deljenje osebnih podatkov.<\/p>\n<p><strong>STATISTIKA IN GOOGLE ANALYTICS<\/strong><\/p>\n<p>Vse spletne strani pod nadzorom Dentalni centar Motu\u0161i\u0107 , vklju\u010dno s to stranjo, lahko uporablja Google Analytics \u2013 storitev internetne analize, ki jo zagotavlja Google Inc. (v nadaljevanju: Google). Google Analytics uporablja \u201cpi\u0161kotke\u201d \u2013 majhne tekstovne datoteke, ki se samodejno namestijo na trdi disk uporabnikovega ra\u010dunalnika \u2013 z namenom analiziranja uporabni\u0161kih navad. Podatke, zbrane s \u201cpi\u0161kotki\u201d o uporabi spletnega mesta (vklju\u010dno z uporabnikovim naslovom IP), Google prenese in shrani na stre\u017enike v ZDA. Google bo zbrane podatke uporabljal za namene ocenjevanja uporabe spletnega mesta, generiranja poro\u010dil o aktivnostih na spletnem mestu za potrebe upravljavcev spletnih mest in zagotavljanja drugih storitev, povezanih z uporabo spletnega mesta. Google lahko te podatke posreduje tudi tretjim osebam, \u010de to zahteva zakon ali kadar te tretje osebe obdelujejo podatke v imenu Googla. Google ne bo povezal naslova IP uporabnika spletnega mesta z drugimi podatki, ki jih zbira Google. Uporabi \u201cpi\u0161kotkov\u201d lahko nasprotujete tako, da izberete ustrezne nastavitve v va\u0161em brskalniku, pri \u010demer upo\u0161tevate, da lahko to vpliva na celotno uporabni\u0161ko izku\u0161njo spletnega mesta. Z uporabo spletnega mesta sogla\u0161ate z obdelavo va\u0161ih osebnih podatkov s strani Googla na zgornji na\u010din.<br \/>\nZato vas prosimo, da se seznanite s Politiko zasebnosti, ki velja za druge spletne strani in dru\u017ebena omre\u017eja.<\/p>\n<p><strong>ZA\u0160\u010cITNI UKREPI<\/strong><\/p>\n<p>Dentalni centar Motu\u0161i\u0107 uporablja tehni\u010dne varnostne ukrepe, pravila in druge postopke za za\u0161\u010dito osebnih podatkov uporabnikov tega mesta pred nepoobla\u0161\u010denim dostopom, zlorabo, razkritjem, izgubo ali uni\u010denjem. Z namenom zagotavljanja varovanja zaupnosti podatkov o uporabnikih spletnega mesta Dentalni centar Motu\u0161i\u0107 uporablja industrijske standardne za\u0161\u010ditne ukrepe, kot so po\u017earni zidovi in \u200b\u200bza\u0161\u010dita z geslom. Vendar pa je uporabnik dol\u017ean zagotoviti, da je ra\u010dunalnik, ki ga uporablja, varen in za\u0161\u010diten pred zlonamerno programsko opremo, kot so trojanski konji, ra\u010dunalni\u0161ki virusi in \u010drvi. Uporabnik spletnega mesta se zaveda, da brez ustreznih varnostnih ukrepov (na primer varna konfiguracija internetnega brskalnika, posodobljeni protivirusni programi, programi osebnega po\u017earnega zidu, neuporaba programov iz sumljivih virov) obstaja tveganje, da podatki in gesla, ki se uporabljajo za prepre\u010devanje dostopa do osebni podatki se lahko razkrijejo nepoobla\u0161\u010denim tretjim osebam.<\/p>\n<p><strong>VARSTVO MLADOLETNIKOV <\/strong><\/p>\n<p>To spletno mesto je namenjeno odraslim. Dentalni centar Motu\u0161i\u0107 ne zbira osebnih podatkov o mladoletnih osebah (definiranih kot osebe, mlaj\u0161e od 18 let) brez predhodnega, preverljivega soglasja njenega zakonitega zastopnika. Zakoniti zastopnik ima pravico na lastno zahtevo pregledati podatke, ki jih je posredoval mladoletnik, in\/ali zahtevati izbris teh podatkov.<\/p>\n<p><strong>OMEJITEV ODGOVORNOSTI <\/strong><\/p>\n<p>\u010ceprav izvajamo razpolo\u017eljive tehni\u010dne, organizacijske in kadrovske ukrepe za prepre\u010devanje nepoobla\u0161\u010denega razkritja va\u0161ih osebnih podatkov, ne moremo zagotoviti, da nekateri osebni podatki, ki jih zbiramo, nikoli ne bodo pomotoma razkriti, kar je v nasprotju z dolo\u010dili tega pravilnika o zasebnosti. V najve\u010dji mo\u017eni meri, ki jo dovoljuje zakon, izklju\u010dujemo odgovornost za \u0161kodo, povzro\u010deno uporabnikom ali tretjim osebam z nenamernim razkritjem osebnih podatkov.<\/p>\n<p><strong>STATISTIKA STRE\u017dNIKA <\/strong><\/p>\n<p>To spletno mesto uporablja Google Analytics za merjenje statistike prometa.<\/p>\n<p><strong>URADNA OSOBA ZA VARSTVO OSEBNIH PODATKOV <\/strong><\/p>\n<p>Dentalni centar Motu\u0161i\u0107<br \/>\nJadranska ul. 18, 52470, Umag<br \/>\nTelefon: +385(0)52\/742-747<br \/>\nE-po\u0161ta: <a href=\"mailto:info@dentalcentar-motusic.com\">info@dentalcentar-motusic.com<\/a><\/p>\n<p>Z uporabo spletne strani www.dentalcentar-motusic.com, uporabnik sogla\u0161a z ravnanjem z osebnimi podatki na zgoraj navedeni na\u010din.<\/p>\n<\/div><\/div><\/div><div class=\"fusion-layout-column fusion_builder_column fusion-builder-column-2 fusion_builder_column_1_6 1_6 fusion-flex-column\" style=\"--awb-bg-blend:overlay;--awb-bg-size:cover;--awb-width-large:16.666666666667%;--awb-margin-top-large:0px;--awb-spacing-right-large:11.52%;--awb-margin-bottom-large:20px;--awb-spacing-left-large:11.52%;--awb-width-medium:16.666666666667%;--awb-spacing-right-medium:11.52%;--awb-spacing-left-medium:11.52%;--awb-width-small:100%;--awb-spacing-right-small:1.92%;--awb-spacing-left-small:1.92%;\"><div class=\"fusion-column-wrapper fusion-flex-justify-content-flex-start fusion-content-layout-column\"><\/div><\/div><\/div><\/div>\n","protected":false},"excerpt":{"rendered":"","protected":false},"author":1,"featured_media":0,"parent":0,"menu_order":0,"comment_status":"closed","ping_status":"open","template":"","meta":{"_acf_changed":false,"footnotes":""},"class_list":["post-4726","page","type-page","status-publish","hentry"],"acf":[],"yoast_head":"<!-- This site is optimized with the Yoast SEO plugin v27.3 - https:\/\/yoast.com\/product\/yoast-seo-wordpress\/ -->\n<title>Za\u0161\u010dita osebnih podatkov - Motu\u0161i\u0107<\/title>\n<meta name=\"robots\" content=\"index, follow, max-snippet:-1, max-image-preview:large, max-video-preview:-1\" \/>\n<link rel=\"canonical\" href=\"https:\/\/dentalcentar-motusic.com\/sl\/zastita-osobnih-podataka\/\" \/>\n<meta property=\"og:locale\" content=\"sl_SI\" \/>\n<meta property=\"og:type\" content=\"article\" \/>\n<meta property=\"og:title\" content=\"Za\u0161\u010dita osebnih podatkov - Motu\u0161i\u0107\" \/>\n<meta property=\"og:url\" content=\"https:\/\/dentalcentar-motusic.com\/sl\/zastita-osobnih-podataka\/\" \/>\n<meta property=\"og:site_name\" content=\"Motu\u0161i\u0107\" \/>\n<meta property=\"article:modified_time\" content=\"2025-03-14T14:03:51+00:00\" \/>\n<meta name=\"twitter:card\" content=\"summary_large_image\" \/>\n<meta name=\"twitter:label1\" content=\"Est. reading time\" \/>\n\t<meta name=\"twitter:data1\" content=\"5 minut\" \/>\n<script type=\"application\/ld+json\" class=\"yoast-schema-graph\">{\"@context\":\"https:\\\/\\\/schema.org\",\"@graph\":[{\"@type\":\"WebPage\",\"@id\":\"https:\\\/\\\/dentalcentar-motusic.com\\\/sl\\\/zastita-osobnih-podataka\\\/\",\"url\":\"https:\\\/\\\/dentalcentar-motusic.com\\\/sl\\\/zastita-osobnih-podataka\\\/\",\"name\":\"Za\u0161\u010dita osebnih podatkov - Motu\u0161i\u0107\",\"isPartOf\":{\"@id\":\"https:\\\/\\\/dentalcentar-motusic.com\\\/#website\"},\"datePublished\":\"2021-03-13T06:53:05+00:00\",\"dateModified\":\"2025-03-14T14:03:51+00:00\",\"breadcrumb\":{\"@id\":\"https:\\\/\\\/dentalcentar-motusic.com\\\/sl\\\/zastita-osobnih-podataka\\\/#breadcrumb\"},\"inLanguage\":\"sl-SI\",\"potentialAction\":[{\"@type\":\"ReadAction\",\"target\":[\"https:\\\/\\\/dentalcentar-motusic.com\\\/sl\\\/zastita-osobnih-podataka\\\/\"]}]},{\"@type\":\"BreadcrumbList\",\"@id\":\"https:\\\/\\\/dentalcentar-motusic.com\\\/sl\\\/zastita-osobnih-podataka\\\/#breadcrumb\",\"itemListElement\":[{\"@type\":\"ListItem\",\"position\":1,\"name\":\"Po\u010detna stranica\",\"item\":\"https:\\\/\\\/dentalcentar-motusic.com\\\/sl\\\/\"},{\"@type\":\"ListItem\",\"position\":2,\"name\":\"Za\u0161\u010dita osebnih podatkov\"}]},{\"@type\":\"WebSite\",\"@id\":\"https:\\\/\\\/dentalcentar-motusic.com\\\/#website\",\"url\":\"https:\\\/\\\/dentalcentar-motusic.com\\\/\",\"name\":\"Motu\u0161i\u0107\",\"description\":\"Dental centar\",\"publisher\":{\"@id\":\"https:\\\/\\\/dentalcentar-motusic.com\\\/#organization\"},\"potentialAction\":[{\"@type\":\"SearchAction\",\"target\":{\"@type\":\"EntryPoint\",\"urlTemplate\":\"https:\\\/\\\/dentalcentar-motusic.com\\\/?s={search_term_string}\"},\"query-input\":{\"@type\":\"PropertyValueSpecification\",\"valueRequired\":true,\"valueName\":\"search_term_string\"}}],\"inLanguage\":\"sl-SI\"},{\"@type\":\"Organization\",\"@id\":\"https:\\\/\\\/dentalcentar-motusic.com\\\/#organization\",\"name\":\"Motu\u0161i\u0107\",\"url\":\"https:\\\/\\\/dentalcentar-motusic.com\\\/\",\"logo\":{\"@type\":\"ImageObject\",\"inLanguage\":\"sl-SI\",\"@id\":\"https:\\\/\\\/dentalcentar-motusic.com\\\/#\\\/schema\\\/logo\\\/image\\\/\",\"url\":\"https:\\\/\\\/dentalcentar-motusic.com\\\/wp-content\\\/uploads\\\/2024\\\/09\\\/Motusic-Logo-Plavi.png\",\"contentUrl\":\"https:\\\/\\\/dentalcentar-motusic.com\\\/wp-content\\\/uploads\\\/2024\\\/09\\\/Motusic-Logo-Plavi.png\",\"width\":800,\"height\":571,\"caption\":\"Motu\u0161i\u0107\"},\"image\":{\"@id\":\"https:\\\/\\\/dentalcentar-motusic.com\\\/#\\\/schema\\\/logo\\\/image\\\/\"}}]}<\/script>\n<!-- \/ Yoast SEO plugin. -->","yoast_head_json":{"title":"Za\u0161\u010dita osebnih podatkov - Motu\u0161i\u0107","robots":{"index":"index","follow":"follow","max-snippet":"max-snippet:-1","max-image-preview":"max-image-preview:large","max-video-preview":"max-video-preview:-1"},"canonical":"https:\/\/dentalcentar-motusic.com\/sl\/zastita-osobnih-podataka\/","og_locale":"sl_SI","og_type":"article","og_title":"Za\u0161\u010dita osebnih podatkov - Motu\u0161i\u0107","og_url":"https:\/\/dentalcentar-motusic.com\/sl\/zastita-osobnih-podataka\/","og_site_name":"Motu\u0161i\u0107","article_modified_time":"2025-03-14T14:03:51+00:00","twitter_card":"summary_large_image","twitter_misc":{"Est. reading time":"5 minut"},"schema":{"@context":"https:\/\/schema.org","@graph":[{"@type":"WebPage","@id":"https:\/\/dentalcentar-motusic.com\/sl\/zastita-osobnih-podataka\/","url":"https:\/\/dentalcentar-motusic.com\/sl\/zastita-osobnih-podataka\/","name":"Za\u0161\u010dita osebnih podatkov - Motu\u0161i\u0107","isPartOf":{"@id":"https:\/\/dentalcentar-motusic.com\/#website"},"datePublished":"2021-03-13T06:53:05+00:00","dateModified":"2025-03-14T14:03:51+00:00","breadcrumb":{"@id":"https:\/\/dentalcentar-motusic.com\/sl\/zastita-osobnih-podataka\/#breadcrumb"},"inLanguage":"sl-SI","potentialAction":[{"@type":"ReadAction","target":["https:\/\/dentalcentar-motusic.com\/sl\/zastita-osobnih-podataka\/"]}]},{"@type":"BreadcrumbList","@id":"https:\/\/dentalcentar-motusic.com\/sl\/zastita-osobnih-podataka\/#breadcrumb","itemListElement":[{"@type":"ListItem","position":1,"name":"Po\u010detna stranica","item":"https:\/\/dentalcentar-motusic.com\/sl\/"},{"@type":"ListItem","position":2,"name":"Za\u0161\u010dita osebnih podatkov"}]},{"@type":"WebSite","@id":"https:\/\/dentalcentar-motusic.com\/#website","url":"https:\/\/dentalcentar-motusic.com\/","name":"Motu\u0161i\u0107","description":"Dental centar","publisher":{"@id":"https:\/\/dentalcentar-motusic.com\/#organization"},"potentialAction":[{"@type":"SearchAction","target":{"@type":"EntryPoint","urlTemplate":"https:\/\/dentalcentar-motusic.com\/?s={search_term_string}"},"query-input":{"@type":"PropertyValueSpecification","valueRequired":true,"valueName":"search_term_string"}}],"inLanguage":"sl-SI"},{"@type":"Organization","@id":"https:\/\/dentalcentar-motusic.com\/#organization","name":"Motu\u0161i\u0107","url":"https:\/\/dentalcentar-motusic.com\/","logo":{"@type":"ImageObject","inLanguage":"sl-SI","@id":"https:\/\/dentalcentar-motusic.com\/#\/schema\/logo\/image\/","url":"https:\/\/dentalcentar-motusic.com\/wp-content\/uploads\/2024\/09\/Motusic-Logo-Plavi.png","contentUrl":"https:\/\/dentalcentar-motusic.com\/wp-content\/uploads\/2024\/09\/Motusic-Logo-Plavi.png","width":800,"height":571,"caption":"Motu\u0161i\u0107"},"image":{"@id":"https:\/\/dentalcentar-motusic.com\/#\/schema\/logo\/image\/"}}]}},"_links":{"self":[{"href":"https:\/\/dentalcentar-motusic.com\/sl\/wp-json\/wp\/v2\/pages\/4726","targetHints":{"allow":["GET"]}}],"collection":[{"href":"https:\/\/dentalcentar-motusic.com\/sl\/wp-json\/wp\/v2\/pages"}],"about":[{"href":"https:\/\/dentalcentar-motusic.com\/sl\/wp-json\/wp\/v2\/types\/page"}],"author":[{"embeddable":true,"href":"https:\/\/dentalcentar-motusic.com\/sl\/wp-json\/wp\/v2\/users\/1"}],"replies":[{"embeddable":true,"href":"https:\/\/dentalcentar-motusic.com\/sl\/wp-json\/wp\/v2\/comments?post=4726"}],"version-history":[{"count":3,"href":"https:\/\/dentalcentar-motusic.com\/sl\/wp-json\/wp\/v2\/pages\/4726\/revisions"}],"predecessor-version":[{"id":4734,"href":"https:\/\/dentalcentar-motusic.com\/sl\/wp-json\/wp\/v2\/pages\/4726\/revisions\/4734"}],"wp:attachment":[{"href":"https:\/\/dentalcentar-motusic.com\/sl\/wp-json\/wp\/v2\/media?parent=4726"}],"curies":[{"name":"wp","href":"https:\/\/api.w.org\/{rel}","templated":true}]}}