{"id":4727,"date":"2021-03-13T07:20:16","date_gmt":"2021-03-13T07:20:16","guid":{"rendered":"https:\/\/dentalcentar-motusic.com\/izjava-o-koristenju-kolacica\/"},"modified":"2025-03-14T14:02:31","modified_gmt":"2025-03-14T14:02:31","slug":"izjava-o-koristenju-kolacica","status":"publish","type":"page","link":"https:\/\/dentalcentar-motusic.com\/sl\/izjava-o-koristenju-kolacica\/","title":{"rendered":"Izjava o uporabi pi\u0161kotkov"},"content":{"rendered":"<div class=\"fusion-fullwidth fullwidth-box fusion-builder-row-1 fusion-flex-container has-pattern-background has-mask-background nonhundred-percent-fullwidth non-hundred-percent-height-scrolling\" style=\"--link_hover_color: var(--awb-color8);--link_color: var(--awb-color3);--awb-border-radius-top-left:0px;--awb-border-radius-top-right:0px;--awb-border-radius-bottom-right:0px;--awb-border-radius-bottom-left:0px;--awb-flex-wrap:wrap;\" ><div class=\"fusion-builder-row fusion-row fusion-flex-align-items-flex-start fusion-flex-content-wrap\" style=\"max-width:1300px;margin-left: calc(-4% \/ 2 );margin-right: calc(-4% \/ 2 );\"><div class=\"fusion-layout-column fusion_builder_column fusion-builder-column-0 fusion_builder_column_1_6 1_6 fusion-flex-column\" style=\"--awb-bg-size:cover;--awb-width-large:16.666666666667%;--awb-margin-top-large:0px;--awb-spacing-right-large:11.52%;--awb-margin-bottom-large:20px;--awb-spacing-left-large:11.52%;--awb-width-medium:16.666666666667%;--awb-spacing-right-medium:11.52%;--awb-spacing-left-medium:11.52%;--awb-width-small:100%;--awb-spacing-right-small:1.92%;--awb-spacing-left-small:1.92%;\"><div class=\"fusion-column-wrapper fusion-flex-justify-content-flex-start fusion-content-layout-column\"><\/div><\/div><div class=\"fusion-layout-column fusion_builder_column fusion-builder-column-1 fusion_builder_column_2_3 2_3 fusion-flex-column\" style=\"--awb-bg-size:cover;--awb-width-large:66.666666666667%;--awb-margin-top-large:0px;--awb-spacing-right-large:2.88%;--awb-margin-bottom-large:20px;--awb-spacing-left-large:2.88%;--awb-width-medium:66.666666666667%;--awb-spacing-right-medium:2.88%;--awb-spacing-left-medium:2.88%;--awb-width-small:100%;--awb-spacing-right-small:1.92%;--awb-spacing-left-small:1.92%;\"><div class=\"fusion-column-wrapper fusion-flex-justify-content-flex-start fusion-content-layout-column\"><div class=\"fusion-title title fusion-title-1 fusion-sep-none fusion-title-text fusion-title-size-one\" style=\"--awb-margin-bottom:25px;--awb-margin-top-small:10px;--awb-margin-right-small:0px;--awb-margin-bottom-small:10px;--awb-margin-left-small:0px;--awb-font-size:26px;\"><h1 class=\"fusion-title-heading title-heading-left\" style=\"margin:0;font-size:1em;\">Izjava o uporabi pi\u0161kotkov<\/h1><\/div><div class=\"fusion-text fusion-text-1\" style=\"--awb-content-alignment:justify;--awb-text-transform:none;\"><p><strong>UPORABA PI\u0160KOTKOV (COOKIES) <\/strong><\/p>\n<p>Spletna stran www.dentalcentar-motusic.com uporablja t.i pi\u0161kotke (eng. \u2018cookies\u2019), da se uporabniku zagotovi storitev s polno funkcionalnostjo in najkakovostnej\u0161o vsebino. Pi\u0161kotki predstavljajo nabor podatkov, ki jih generira stre\u017enik spletne strani in jih spletni brskalnik shrani na uporabnikov disk v obliki majhne besedilne datoteke. Na\u0161im uporabnikom se nenehno trudimo zagotoviti najbolj\u0161o mo\u017eno uporabni\u0161ko izku\u0161njo, zato velja opozoriti, da na\u0161e spletne strani delujejo optimalno le, \u010de so omogo\u010deni pi\u0161kotki. Za uporabo \u00bbpi\u0161kotkov\u00ab v skladu z Zakonom o elektronskih komunikacijah, Zakonom o varstvu osebnih podatkov in direktivami EU potrebujemo va\u0161e soglasje. Z uporabo tega spletnega mesta dajete svoje soglasje in se strinjate z uporabo pi\u0161kotkov. \u010ce blokirate pi\u0161kotke, lahko \u0161e vedno brskate po spletnem mestu, vendar vam nekatere funkcije ne bodo na voljo.Med brskanjem se ustvari sejni pi\u0161kotek, ki se namesti na ra\u010dunalnik uporabnika spletne strani www.dentalcentar-motusic.com samo za \u010das obiska in tako uporabniku omogo\u010di u\u010dinkovitej\u0161o uporabo spletne strani www.dentalcentar-motusic.com in samodejno pote\u010de, ko zapre brskalnik. Dodatne informacije, kot je va\u0161e ime ali e-po\u0161tni naslov, ne bodo shranjene \u2013 spletna mesta ne morejo dobiti dostopa do informacij, ki jim jih niste posredovali, in ne morejo dostopati do drugih datotek v va\u0161em ra\u010dunalniku.<\/p>\n<p><strong>PI\u0160KOTKI ZUNANJIH STORITEV <\/strong><\/p>\n<p>Dentalni centar Motu\u0161i\u0107 na svojih spletnih straneh uporablja lastne pi\u0161kotke, hkrati pa izbranim tretjim osebam omogo\u010da namestitev lastnih pi\u0161kotkov na uporabnikov ra\u010dunalnik. Z uporabo spletnega mesta uporabnik sogla\u0161a z uporabo pi\u0161kotkov in zunanjih storitev. Primer zunanje storitve, ki se uporablja za statistiko obiskanosti z namenom pridobivanja podatkov o uspe\u0161nosti strani na trgu, je Google Analytics. Podrobne informacije so na voljo na: <a href=\"https:\/\/www.google.com\/intl\/en\/analytics\/privacyoverview.html\" target=\"_blank\" rel=\"noopener\">Google analytics<\/a>.<\/p>\n<p><strong>KAKO ONEMOGO\u010cIM PI\u0160KOTKE? <\/strong><\/p>\n<p>Z izklopom pi\u0161kotkov se odlo\u010dite, ali boste dovolili shranjevanje pi\u0161kotkov na va\u0161em ra\u010dunalniku. Nastavitve pi\u0161kotkov lahko nadzirate in konfigurirate v svojem internetnem brskalniku.<br \/>\nPoobla\u0161\u010deni ste, da prepoveste prejemanje pi\u0161kotkov, tako da izberete to mo\u017enost v meniju Orodja\/Mo\u017enosti v va\u0161em brskalniku. Dentalni centar Motu\u0161i\u0107 izklju\u010duje vsakr\u0161no odgovornost za morebitno izgubo funkcionalnosti in\/ali kakovosti vsebine spletnega mesta www.dentalcentar-motusic.com, v vseh primerih izbire regulacije prejemanja pi\u0161kotkov s strani uporabnika. \u0160teje se, da so uporabniki s temi pogoji uporabe in mo\u017enostmi glede pi\u0161kotkov ves \u010das seznanjeni in se z njimi strinjajo.<\/p>\n<\/div><\/div><\/div><div class=\"fusion-layout-column fusion_builder_column fusion-builder-column-2 fusion_builder_column_1_6 1_6 fusion-flex-column\" style=\"--awb-bg-size:cover;--awb-width-large:16.666666666667%;--awb-margin-top-large:0px;--awb-spacing-right-large:11.52%;--awb-margin-bottom-large:20px;--awb-spacing-left-large:11.52%;--awb-width-medium:16.666666666667%;--awb-spacing-right-medium:11.52%;--awb-spacing-left-medium:11.52%;--awb-width-small:100%;--awb-spacing-right-small:1.92%;--awb-spacing-left-small:1.92%;\"><div class=\"fusion-column-wrapper fusion-flex-justify-content-flex-start fusion-content-layout-column\"><\/div><\/div><\/div><\/div>\n","protected":false},"excerpt":{"rendered":"","protected":false},"author":1,"featured_media":0,"parent":0,"menu_order":0,"comment_status":"closed","ping_status":"closed","template":"","meta":{"_acf_changed":false,"footnotes":""},"class_list":["post-4727","page","type-page","status-publish","hentry"],"acf":[],"yoast_head":"<!-- This site is optimized with the Yoast SEO plugin v27.3 - https:\/\/yoast.com\/product\/yoast-seo-wordpress\/ -->\n<title>Izjava o uporabi pi\u0161kotkov - Motu\u0161i\u0107<\/title>\n<meta name=\"robots\" content=\"index, follow, max-snippet:-1, max-image-preview:large, max-video-preview:-1\" \/>\n<link rel=\"canonical\" href=\"https:\/\/dentalcentar-motusic.com\/sl\/izjava-o-koristenju-kolacica\/\" \/>\n<meta property=\"og:locale\" content=\"sl_SI\" \/>\n<meta property=\"og:type\" content=\"article\" \/>\n<meta property=\"og:title\" content=\"Izjava o uporabi pi\u0161kotkov - Motu\u0161i\u0107\" \/>\n<meta property=\"og:url\" content=\"https:\/\/dentalcentar-motusic.com\/sl\/izjava-o-koristenju-kolacica\/\" \/>\n<meta property=\"og:site_name\" content=\"Motu\u0161i\u0107\" \/>\n<meta property=\"article:modified_time\" content=\"2025-03-14T14:02:31+00:00\" \/>\n<meta name=\"twitter:card\" content=\"summary_large_image\" \/>\n<meta name=\"twitter:label1\" content=\"Est. reading time\" \/>\n\t<meta name=\"twitter:data1\" content=\"2 minuti\" \/>\n<script type=\"application\/ld+json\" class=\"yoast-schema-graph\">{\"@context\":\"https:\\\/\\\/schema.org\",\"@graph\":[{\"@type\":\"WebPage\",\"@id\":\"https:\\\/\\\/dentalcentar-motusic.com\\\/sl\\\/izjava-o-koristenju-kolacica\\\/\",\"url\":\"https:\\\/\\\/dentalcentar-motusic.com\\\/sl\\\/izjava-o-koristenju-kolacica\\\/\",\"name\":\"Izjava o uporabi pi\u0161kotkov - Motu\u0161i\u0107\",\"isPartOf\":{\"@id\":\"https:\\\/\\\/dentalcentar-motusic.com\\\/#website\"},\"datePublished\":\"2021-03-13T07:20:16+00:00\",\"dateModified\":\"2025-03-14T14:02:31+00:00\",\"breadcrumb\":{\"@id\":\"https:\\\/\\\/dentalcentar-motusic.com\\\/sl\\\/izjava-o-koristenju-kolacica\\\/#breadcrumb\"},\"inLanguage\":\"sl-SI\",\"potentialAction\":[{\"@type\":\"ReadAction\",\"target\":[\"https:\\\/\\\/dentalcentar-motusic.com\\\/sl\\\/izjava-o-koristenju-kolacica\\\/\"]}]},{\"@type\":\"BreadcrumbList\",\"@id\":\"https:\\\/\\\/dentalcentar-motusic.com\\\/sl\\\/izjava-o-koristenju-kolacica\\\/#breadcrumb\",\"itemListElement\":[{\"@type\":\"ListItem\",\"position\":1,\"name\":\"Po\u010detna stranica\",\"item\":\"https:\\\/\\\/dentalcentar-motusic.com\\\/sl\\\/\"},{\"@type\":\"ListItem\",\"position\":2,\"name\":\"Izjava o uporabi pi\u0161kotkov\"}]},{\"@type\":\"WebSite\",\"@id\":\"https:\\\/\\\/dentalcentar-motusic.com\\\/#website\",\"url\":\"https:\\\/\\\/dentalcentar-motusic.com\\\/\",\"name\":\"Motu\u0161i\u0107\",\"description\":\"Dental centar\",\"publisher\":{\"@id\":\"https:\\\/\\\/dentalcentar-motusic.com\\\/#organization\"},\"potentialAction\":[{\"@type\":\"SearchAction\",\"target\":{\"@type\":\"EntryPoint\",\"urlTemplate\":\"https:\\\/\\\/dentalcentar-motusic.com\\\/?s={search_term_string}\"},\"query-input\":{\"@type\":\"PropertyValueSpecification\",\"valueRequired\":true,\"valueName\":\"search_term_string\"}}],\"inLanguage\":\"sl-SI\"},{\"@type\":\"Organization\",\"@id\":\"https:\\\/\\\/dentalcentar-motusic.com\\\/#organization\",\"name\":\"Motu\u0161i\u0107\",\"url\":\"https:\\\/\\\/dentalcentar-motusic.com\\\/\",\"logo\":{\"@type\":\"ImageObject\",\"inLanguage\":\"sl-SI\",\"@id\":\"https:\\\/\\\/dentalcentar-motusic.com\\\/#\\\/schema\\\/logo\\\/image\\\/\",\"url\":\"https:\\\/\\\/dentalcentar-motusic.com\\\/wp-content\\\/uploads\\\/2024\\\/09\\\/Motusic-Logo-Plavi.png\",\"contentUrl\":\"https:\\\/\\\/dentalcentar-motusic.com\\\/wp-content\\\/uploads\\\/2024\\\/09\\\/Motusic-Logo-Plavi.png\",\"width\":800,\"height\":571,\"caption\":\"Motu\u0161i\u0107\"},\"image\":{\"@id\":\"https:\\\/\\\/dentalcentar-motusic.com\\\/#\\\/schema\\\/logo\\\/image\\\/\"}}]}<\/script>\n<!-- \/ Yoast SEO plugin. -->","yoast_head_json":{"title":"Izjava o uporabi pi\u0161kotkov - Motu\u0161i\u0107","robots":{"index":"index","follow":"follow","max-snippet":"max-snippet:-1","max-image-preview":"max-image-preview:large","max-video-preview":"max-video-preview:-1"},"canonical":"https:\/\/dentalcentar-motusic.com\/sl\/izjava-o-koristenju-kolacica\/","og_locale":"sl_SI","og_type":"article","og_title":"Izjava o uporabi pi\u0161kotkov - Motu\u0161i\u0107","og_url":"https:\/\/dentalcentar-motusic.com\/sl\/izjava-o-koristenju-kolacica\/","og_site_name":"Motu\u0161i\u0107","article_modified_time":"2025-03-14T14:02:31+00:00","twitter_card":"summary_large_image","twitter_misc":{"Est. reading time":"2 minuti"},"schema":{"@context":"https:\/\/schema.org","@graph":[{"@type":"WebPage","@id":"https:\/\/dentalcentar-motusic.com\/sl\/izjava-o-koristenju-kolacica\/","url":"https:\/\/dentalcentar-motusic.com\/sl\/izjava-o-koristenju-kolacica\/","name":"Izjava o uporabi pi\u0161kotkov - Motu\u0161i\u0107","isPartOf":{"@id":"https:\/\/dentalcentar-motusic.com\/#website"},"datePublished":"2021-03-13T07:20:16+00:00","dateModified":"2025-03-14T14:02:31+00:00","breadcrumb":{"@id":"https:\/\/dentalcentar-motusic.com\/sl\/izjava-o-koristenju-kolacica\/#breadcrumb"},"inLanguage":"sl-SI","potentialAction":[{"@type":"ReadAction","target":["https:\/\/dentalcentar-motusic.com\/sl\/izjava-o-koristenju-kolacica\/"]}]},{"@type":"BreadcrumbList","@id":"https:\/\/dentalcentar-motusic.com\/sl\/izjava-o-koristenju-kolacica\/#breadcrumb","itemListElement":[{"@type":"ListItem","position":1,"name":"Po\u010detna stranica","item":"https:\/\/dentalcentar-motusic.com\/sl\/"},{"@type":"ListItem","position":2,"name":"Izjava o uporabi pi\u0161kotkov"}]},{"@type":"WebSite","@id":"https:\/\/dentalcentar-motusic.com\/#website","url":"https:\/\/dentalcentar-motusic.com\/","name":"Motu\u0161i\u0107","description":"Dental centar","publisher":{"@id":"https:\/\/dentalcentar-motusic.com\/#organization"},"potentialAction":[{"@type":"SearchAction","target":{"@type":"EntryPoint","urlTemplate":"https:\/\/dentalcentar-motusic.com\/?s={search_term_string}"},"query-input":{"@type":"PropertyValueSpecification","valueRequired":true,"valueName":"search_term_string"}}],"inLanguage":"sl-SI"},{"@type":"Organization","@id":"https:\/\/dentalcentar-motusic.com\/#organization","name":"Motu\u0161i\u0107","url":"https:\/\/dentalcentar-motusic.com\/","logo":{"@type":"ImageObject","inLanguage":"sl-SI","@id":"https:\/\/dentalcentar-motusic.com\/#\/schema\/logo\/image\/","url":"https:\/\/dentalcentar-motusic.com\/wp-content\/uploads\/2024\/09\/Motusic-Logo-Plavi.png","contentUrl":"https:\/\/dentalcentar-motusic.com\/wp-content\/uploads\/2024\/09\/Motusic-Logo-Plavi.png","width":800,"height":571,"caption":"Motu\u0161i\u0107"},"image":{"@id":"https:\/\/dentalcentar-motusic.com\/#\/schema\/logo\/image\/"}}]}},"_links":{"self":[{"href":"https:\/\/dentalcentar-motusic.com\/sl\/wp-json\/wp\/v2\/pages\/4727","targetHints":{"allow":["GET"]}}],"collection":[{"href":"https:\/\/dentalcentar-motusic.com\/sl\/wp-json\/wp\/v2\/pages"}],"about":[{"href":"https:\/\/dentalcentar-motusic.com\/sl\/wp-json\/wp\/v2\/types\/page"}],"author":[{"embeddable":true,"href":"https:\/\/dentalcentar-motusic.com\/sl\/wp-json\/wp\/v2\/users\/1"}],"replies":[{"embeddable":true,"href":"https:\/\/dentalcentar-motusic.com\/sl\/wp-json\/wp\/v2\/comments?post=4727"}],"version-history":[{"count":4,"href":"https:\/\/dentalcentar-motusic.com\/sl\/wp-json\/wp\/v2\/pages\/4727\/revisions"}],"predecessor-version":[{"id":4732,"href":"https:\/\/dentalcentar-motusic.com\/sl\/wp-json\/wp\/v2\/pages\/4727\/revisions\/4732"}],"wp:attachment":[{"href":"https:\/\/dentalcentar-motusic.com\/sl\/wp-json\/wp\/v2\/media?parent=4727"}],"curies":[{"name":"wp","href":"https:\/\/api.w.org\/{rel}","templated":true}]}}